{"id":1067,"date":"2022-01-16T15:53:37","date_gmt":"2022-01-16T14:53:37","guid":{"rendered":"http:\/\/daphneschiettecatte.com\/?page_id=1067"},"modified":"2023-03-13T19:00:42","modified_gmt":"2023-03-13T18:00:42","slug":"presentation","status":"publish","type":"page","link":"https:\/\/daphneschiettecatte.com\/index.php\/presentation\/","title":{"rendered":"Pr\u00e9sentation"},"content":{"rendered":"\n<div class=\"wp-block-columns\">\n<div class=\"wp-block-column\" style=\"flex-basis:100%\">\n<h2 style=\"font-size:14px\">Dipl\u00f4m\u00e9e en Am\u00e9nagement d&rsquo;int\u00e9rieur ESAPV MONS  en  98.<\/h2>\n\n\n\n<h2 style=\"font-size:14px\">Professeur en Cr\u00e9ation d&rsquo;int\u00e9rieur \u00e0 EPS Ateliers st Luc \u00e0 Bruxelles. <\/h2>\n\n\n\n<p><\/p>\n\n\n\n<p style=\"font-size:11px\">Ant\u00e9rieurement, <\/p>\n\n\n\n<p style=\"font-size:11px\">Assistante en \u2018architecture d\u2019int\u00e9rieur\u2019 (atelier) aux Arts\u00b2<br>Ecole sup\u00e9rieure des arts de type long \u00e0 Mons (ESAPV)<\/p>\n\n\n\n<p style=\"font-size:11px\">Assistante en \u2018design urbain\u2019(atelier) aux Arts\u00b2<br>Ecole sup\u00e9rieure des arts de type long \u00e0 Mons (ESAPV)<\/p>\n\n\n\n<p style=\"font-size:11px\">Professeur en cr\u00e9ation d\u2019int\u00e9rieur \u00e0 l\u2019 IFAPME Braine le comte<\/p>\n\n\n\n<p style=\"font-size:11px\">Conf\u00e9renci\u00e9re en architecture d\u2019int\u00e9rieur\/\u00e9quipement aux Arts\u00b2<br>Ecole sup\u00e9rieure des arts de type long \u00e0 Mons (ESAPV)<\/p>\n\n\n\n<p style=\"font-size:11px\">Conf\u00e9renci\u00e9re en techniques et technologie\/dessin industrielaux aux Arts\u00b2<br>Ecole sup\u00e9rieure des arts de type long \u00e0 Mons (ESAPV)<\/p>\n\n\n\n<p style=\"font-size:11px\">Conf\u00e9renci\u00e9re en Techniques et technologies\/dessin d\u2019architecture aux Arts\u00b2<br>Ecole sup\u00e9rieure des arts de type long \u00e0 Mons (ESAPV)<\/p>\n\n\n\n<p style=\"font-size:11px\">Assistante en \u2018architecture d\u2019int\u00e9rieur\u2019 (atelier) aux Arts\u00b2<br>Ecole sup\u00e9rieure des arts de type long \u00e0 Mons (ESAPV)<\/p>\n\n\n\n<div class=\"wp-block-columns\">\n<div class=\"wp-block-column\">\n<p style=\"font-size:11px\"><span class=\"has-inline-color has-black-color\">2018<\/span>  Art Truc Troc &amp; Design Bruxelles<br>2012   Sites en ligne, installation urbaine silly<br>2009 \u201cArbitare el tempo\u201d V\u00e9rone<br>2008 \u201c100%design\u201d londres<br>\u201cNow \u00bb Paris<br>2006 \u201cFiera del mobile -Satellite\u201d Milan<br>2005 \u00ab label design \u00bb au Grand Hornu en novembre GdHornu<br>\u00ab inside \u00bb parcours de designers dans la ville Amsterdam<br>2004 \u201cNOW\u201d salon Maison &amp; Objet Paris<br>\u201cFiera del mobile -Satellite\u201d Milan<br>2003 \u201cLe meilleur du design\u201d au Centre Bruxelles -Wallonie\u201d Paris<br>\u201cDesign Off\u201d\u2019 Charleroi<br>\u201cNOW\u201d salon Maison &amp; objet Paris<br>\u201cD\u00e9tournement d\u2019objets Bourgogne<br>\u201cCuba-St Colombe-Bruxelles\u201d<br>\u201cSquare\u201d salon du meuble au Heysel Bruxelles<br>Edition du banc \u00ab rive droite, rive gauche \u00bb Toulouse<br>2002 \u201cDesign en Wallonie\u201d \u00e0 La Ram\u00e9e Namur<br>\u201cSalon bois et habitat\u201d Namur<br>\u201cBiennale de Saint-Etienne\u201d St \u2013Etienne<br>2001 \u201cDesign wallonie\/ Bruxelles\u201d Prague<br>1996 \u00ab&nbsp;Int\u00e9rieur&nbsp;\u00bb projet s\u00e9lectionn\u00e9&nbsp;&nbsp;&nbsp; Courtrai<br>1997 \u201cBourse Europ\u00e9enne de la cr\u00e9ation couteli\u00e8re\u201d Thiers projet s\u00e9lectionn\u00e9<br>\u201cPEBEO\u201d concours international d\u2019\u00e9coles<\/p>\n\n\n\n<figure class=\"wp-block-image size-large is-style-default\"><img loading=\"lazy\" width=\"1024\" height=\"341\" src=\"http:\/\/daphneschiettecatte.com\/wp-content\/uploads\/2022\/11\/fiche-daphne-schiettecatte2-1024x341.jpg\" alt=\"\" class=\"wp-image-1340\" srcset=\"https:\/\/daphneschiettecatte.com\/wp-content\/uploads\/2022\/11\/fiche-daphne-schiettecatte2-1024x341.jpg 1024w, https:\/\/daphneschiettecatte.com\/wp-content\/uploads\/2022\/11\/fiche-daphne-schiettecatte2-300x100.jpg 300w, https:\/\/daphneschiettecatte.com\/wp-content\/uploads\/2022\/11\/fiche-daphne-schiettecatte2-768x256.jpg 768w, https:\/\/daphneschiettecatte.com\/wp-content\/uploads\/2022\/11\/fiche-daphne-schiettecatte2-973x324.jpg 973w, https:\/\/daphneschiettecatte.com\/wp-content\/uploads\/2022\/11\/fiche-daphne-schiettecatte2-508x169.jpg 508w, https:\/\/daphneschiettecatte.com\/wp-content\/uploads\/2022\/11\/fiche-daphne-schiettecatte2.jpg 1181w\" sizes=\"(max-width: 1024px) 100vw, 1024px\" \/><\/figure>\n<\/div>\n\n\n\n<div class=\"wp-block-column\">\n<p style=\"font-size:12px\"><\/p>\n<\/div>\n<\/div>\n\n\n\n<div class=\"wp-block-columns\">\n<div class=\"wp-block-column\">\n<div class=\"wp-block-columns\">\n<div class=\"wp-block-column\"><\/div>\n<\/div>\n\n\n\n<div class=\"wp-block-columns\">\n<div class=\"wp-block-column\" style=\"flex-basis:33.33%\">\n<p style=\"font-size:8px\"><\/p>\n<\/div>\n\n\n\n<div class=\"wp-block-column\" style=\"flex-basis:66.66%\"><\/div>\n<\/div>\n\n\n\n<p style=\"font-size:13px\"><\/p>\n<\/div>\n<\/div>\n<\/div>\n<\/div>\n\n\n\n<figure class=\"wp-block-gallery columns-0 is-cropped\"><ul class=\"blocks-gallery-grid\"><\/ul><\/figure>\n","protected":false},"excerpt":{"rendered":"<p>Dipl\u00f4m\u00e9e en Am\u00e9nagement d&rsquo;int\u00e9rieur ESAPV MONS en 98. Professeur en Cr\u00e9ation d&rsquo;int\u00e9rieur \u00e0 EPS Ateliers st Luc \u00e0 Bruxelles. Ant\u00e9rieurement, Assistante en \u2018architecture d\u2019int\u00e9rieur\u2019 (atelier) aux Arts\u00b2Ecole sup\u00e9rieure&#8230;<\/p>\n","protected":false},"author":1,"featured_media":0,"parent":0,"menu_order":0,"comment_status":"closed","ping_status":"closed","template":"","meta":[],"_links":{"self":[{"href":"https:\/\/daphneschiettecatte.com\/index.php\/wp-json\/wp\/v2\/pages\/1067"}],"collection":[{"href":"https:\/\/daphneschiettecatte.com\/index.php\/wp-json\/wp\/v2\/pages"}],"about":[{"href":"https:\/\/daphneschiettecatte.com\/index.php\/wp-json\/wp\/v2\/types\/page"}],"author":[{"embeddable":true,"href":"https:\/\/daphneschiettecatte.com\/index.php\/wp-json\/wp\/v2\/users\/1"}],"replies":[{"embeddable":true,"href":"https:\/\/daphneschiettecatte.com\/index.php\/wp-json\/wp\/v2\/comments?post=1067"}],"version-history":[{"count":7,"href":"https:\/\/daphneschiettecatte.com\/index.php\/wp-json\/wp\/v2\/pages\/1067\/revisions"}],"predecessor-version":[{"id":1351,"href":"https:\/\/daphneschiettecatte.com\/index.php\/wp-json\/wp\/v2\/pages\/1067\/revisions\/1351"}],"wp:attachment":[{"href":"https:\/\/daphneschiettecatte.com\/index.php\/wp-json\/wp\/v2\/media?parent=1067"}],"curies":[{"name":"wp","href":"https:\/\/api.w.org\/{rel}","templated":true}]}}